{"id":126,"date":"2026-02-04T10:14:52","date_gmt":"2026-02-04T09:14:52","guid":{"rendered":"https:\/\/www.studioestlumiere.com\/?page_id=126"},"modified":"2026-02-04T10:14:52","modified_gmt":"2026-02-04T09:14:52","slug":"mentions-legales","status":"publish","type":"page","link":"https:\/\/www.studioestlumiere.com\/index.php\/mentions-legales\/","title":{"rendered":"mentions-legales"},"content":{"rendered":"\n<p><strong>Mentions L\u00e9gales<\/strong><br><br>Conform\u00e9ment aux dispositions des articles 6-III et 19 de la Loi n\u00b0 2004-575 du 21 juin 2004 pour la Confiance dans l\u2019\u00e9conomie num\u00e9rique, dite L.C.E.N., nous portons \u00e0 la connaissance des utilisateurs et visiteurs du site https:\/\/www.studioestlumiere.com les informations suivantes.<br><br>Informations l\u00e9gales: \u2022 Statut du propri\u00e9taire : Entrepreneur individuel \u2022 Nom : Studio Est Lumi\u00e8re \u2022 Adresse : 154 rue Etienne Marcel 93100 Montreuil \u2022 T\u00e9l. : 01 48 70 12 73 \u2022 SIRET : 404 391 260 00027 \u2022 Num\u00e9ro TVA intracommunautaire : FR30404391260 \u2022 Adresse de courrier \u00e9lectronique :\u00a0<a href=\"mailto:contact@studioestlumiere.com\"><u>contact@studioestlumiere.com<\/u><\/a>\u00a0\u2022 Le cr\u00e9ateur du site est : Laurent Bena\u00efm \u2022 Le Responsable de la publication : Laurent Bena\u00efm \u2022 Contacter le responsable de la publication :\u00a0<a href=\"mailto:contact@studioestlumiere.com\"><u>Cliquez ici<\/u><\/a>\u00a0\u2022 Le responsable de la publication est une personne physique \u2022 Le Webmaster est : Laurent Bena\u00efm \u2022 L\u2019h\u00e9bergeur du site est : OVH<\/p>\n","protected":false},"excerpt":{"rendered":"<p>Mentions L\u00e9gales Conform\u00e9ment aux dispositions des articles 6-III et 19 de la Loi n\u00b0 2004-575 du 21 juin 2004 pour la Confiance dans l\u2019\u00e9conomie num\u00e9rique, dite L.C.E.N., nous portons \u00e0 la connaissance des utilisateurs et visiteurs du site https:\/\/www.studioestlumiere.com les informations suivantes. Informations l\u00e9gales: \u2022 Statut du propri\u00e9taire : Entrepreneur individuel \u2022 Nom : Studio [&hellip;]<\/p>\n","protected":false},"author":1,"featured_media":0,"parent":0,"menu_order":0,"comment_status":"closed","ping_status":"closed","template":"","meta":{"footnotes":""},"class_list":["post-126","page","type-page","status-publish","hentry"],"_links":{"self":[{"href":"https:\/\/www.studioestlumiere.com\/index.php\/wp-json\/wp\/v2\/pages\/126","targetHints":{"allow":["GET"]}}],"collection":[{"href":"https:\/\/www.studioestlumiere.com\/index.php\/wp-json\/wp\/v2\/pages"}],"about":[{"href":"https:\/\/www.studioestlumiere.com\/index.php\/wp-json\/wp\/v2\/types\/page"}],"author":[{"embeddable":true,"href":"https:\/\/www.studioestlumiere.com\/index.php\/wp-json\/wp\/v2\/users\/1"}],"replies":[{"embeddable":true,"href":"https:\/\/www.studioestlumiere.com\/index.php\/wp-json\/wp\/v2\/comments?post=126"}],"version-history":[{"count":2,"href":"https:\/\/www.studioestlumiere.com\/index.php\/wp-json\/wp\/v2\/pages\/126\/revisions"}],"predecessor-version":[{"id":138,"href":"https:\/\/www.studioestlumiere.com\/index.php\/wp-json\/wp\/v2\/pages\/126\/revisions\/138"}],"wp:attachment":[{"href":"https:\/\/www.studioestlumiere.com\/index.php\/wp-json\/wp\/v2\/media?parent=126"}],"curies":[{"name":"wp","href":"https:\/\/api.w.org\/{rel}","templated":true}]}}