{"id":119,"date":"2026-02-04T08:59:14","date_gmt":"2026-02-04T07:59:14","guid":{"rendered":"https:\/\/www.studioestlumiere.com\/?page_id=119"},"modified":"2026-02-04T08:59:14","modified_gmt":"2026-02-04T07:59:14","slug":"tarifs","status":"publish","type":"page","link":"https:\/\/www.studioestlumiere.com\/index.php\/tarifs\/","title":{"rendered":"Tarifs"},"content":{"rendered":"\n<p><strong>Tarifs de location<\/strong><br><strong><br>EN SEMAINE<\/strong><br>&#8211; 800\u20ac HT \u2022 1 journ\u00e9e (9h-19h)<br>&#8211; 600\u20ac HT \u2022 1\/2 journ\u00e9e (9h-14h \u2022 14h-19h)<br>Ce tarif inclut les flashs Godard, les accessoires d&rsquo;\u00e9clairage,<br>le mobilier et la d\u00e9coration.<br>Liste d\u00e9taill\u00e9e sur demande<br>Pack Profoto : +150\u20ac HT<br>Assistant (non obligatoire) : 300\u20ac &#8211; 150\u20ac<br><br><strong>LES WEEK-ENDS ET JOURS F\u00c9RI\u00c9S<\/strong><br>&#8211; 1000\u20ac \u2022 1 journ\u00e9e (9h-19h)<br>&#8211; 800\u20ac \u2022 1\/2 journ\u00e9e (9h-14h \u2022 14h-19h)<br>Ce tarif inclut les flashs Godard, les accessoires d&rsquo;\u00e9clairage,<br>le mobilier et la d\u00e9coration.<br>Liste d\u00e9taill\u00e9e sur demande.<br>Pack Profoto : 150\u20ac HT<br>Assistant (non obligatoire) : 300\u20ac &#8211; 150\u20ac<\/p>\n","protected":false},"excerpt":{"rendered":"<p>Tarifs de locationEN SEMAINE&#8211; 800\u20ac HT \u2022 1 journ\u00e9e (9h-19h)&#8211; 600\u20ac HT \u2022 1\/2 journ\u00e9e (9h-14h \u2022 14h-19h)Ce tarif inclut les flashs Godard, les accessoires d&rsquo;\u00e9clairage,le mobilier et la d\u00e9coration.Liste d\u00e9taill\u00e9e sur demandePack Profoto : +150\u20ac HTAssistant (non obligatoire) : 300\u20ac &#8211; 150\u20ac LES WEEK-ENDS ET JOURS F\u00c9RI\u00c9S&#8211; 1000\u20ac \u2022 1 journ\u00e9e (9h-19h)&#8211; 800\u20ac \u2022 [&hellip;]<\/p>\n","protected":false},"author":1,"featured_media":0,"parent":0,"menu_order":0,"comment_status":"closed","ping_status":"closed","template":"","meta":{"footnotes":""},"class_list":["post-119","page","type-page","status-publish","hentry"],"_links":{"self":[{"href":"https:\/\/www.studioestlumiere.com\/index.php\/wp-json\/wp\/v2\/pages\/119","targetHints":{"allow":["GET"]}}],"collection":[{"href":"https:\/\/www.studioestlumiere.com\/index.php\/wp-json\/wp\/v2\/pages"}],"about":[{"href":"https:\/\/www.studioestlumiere.com\/index.php\/wp-json\/wp\/v2\/types\/page"}],"author":[{"embeddable":true,"href":"https:\/\/www.studioestlumiere.com\/index.php\/wp-json\/wp\/v2\/users\/1"}],"replies":[{"embeddable":true,"href":"https:\/\/www.studioestlumiere.com\/index.php\/wp-json\/wp\/v2\/comments?post=119"}],"version-history":[{"count":2,"href":"https:\/\/www.studioestlumiere.com\/index.php\/wp-json\/wp\/v2\/pages\/119\/revisions"}],"predecessor-version":[{"id":121,"href":"https:\/\/www.studioestlumiere.com\/index.php\/wp-json\/wp\/v2\/pages\/119\/revisions\/121"}],"wp:attachment":[{"href":"https:\/\/www.studioestlumiere.com\/index.php\/wp-json\/wp\/v2\/media?parent=119"}],"curies":[{"name":"wp","href":"https:\/\/api.w.org\/{rel}","templated":true}]}}